{"id":17492,"date":"2026-03-06T10:24:20","date_gmt":"2026-03-06T10:24:20","guid":{"rendered":"https:\/\/janetgrau.de\/?page_id=17492"},"modified":"2026-03-06T12:55:51","modified_gmt":"2026-03-06T12:55:51","slug":"studio-curious","status":"publish","type":"page","link":"https:\/\/janetgrau.de\/de\/studio-curious\/","title":{"rendered":"Studio for Curious Matters \u2013 Art &#038; Science Communication"},"content":{"rendered":"<div data-elementor-type=\"wp-page\" data-elementor-id=\"17492\" class=\"elementor elementor-17492\" data-elementor-post-type=\"page\">\n\t\t\t\t\t\t<section class=\"elementor-section elementor-top-section elementor-element elementor-element-75ee27e elementor-section-boxed elementor-section-height-default elementor-section-height-default\" data-id=\"75ee27e\" data-element_type=\"section\" data-e-type=\"section\">\n\t\t\t\t\t\t<div class=\"elementor-container elementor-column-gap-default\">\n\t\t\t\t\t<div class=\"elementor-column elementor-col-33 elementor-top-column elementor-element elementor-element-965bb25\" data-id=\"965bb25\" data-element_type=\"column\" data-e-type=\"column\">\n\t\t\t<div class=\"elementor-widget-wrap elementor-element-populated\">\n\t\t\t\t\t\t<div class=\"elementor-element elementor-element-deeed09 elementor-widget elementor-widget-spacer\" data-id=\"deeed09\" data-element_type=\"widget\" data-e-type=\"widget\" data-widget_type=\"spacer.default\">\n\t\t\t\t<div class=\"elementor-widget-container\">\n\t\t\t\t\t\t\t<div class=\"elementor-spacer\">\n\t\t\t<div class=\"elementor-spacer-inner\"><\/div>\n\t\t<\/div>\n\t\t\t\t\t\t<\/div>\n\t\t\t\t<\/div>\n\t\t\t\t<div class=\"elementor-element elementor-element-5f40e56 elementor-widget elementor-widget-qi_addons_for_elementor_image_slider\" data-id=\"5f40e56\" data-element_type=\"widget\" data-e-type=\"widget\" data-widget_type=\"qi_addons_for_elementor_image_slider.default\">\n\t\t\t\t<div class=\"elementor-widget-container\">\n\t\t\t\t\t<div class=\"qodef-shortcode qodef-m qodef-qi-image-slider qodef-qi-fslightbox-popup qodef-popup-gallery qodef-col-num--1 qodef-qi-grid qodef-qi-swiper-container qodef-navigation--inside qodef-pagination--inside qodef-navigation--hover-move\" data-options=\"{&quot;direction&quot;:&quot;horizontal&quot;,&quot;slidesPerView&quot;:&quot;1&quot;,&quot;spaceBetween&quot;:10,&quot;spaceBetweenTablet&quot;:&quot;&quot;,&quot;spaceBetweenMobile&quot;:&quot;&quot;,&quot;effect&quot;:&quot;slide&quot;,&quot;loop&quot;:true,&quot;autoplay&quot;:true,&quot;centeredSlides&quot;:false,&quot;speed&quot;:&quot;&quot;,&quot;speedAnimation&quot;:&quot;&quot;,&quot;outsideNavigation&quot;:&quot;no&quot;,&quot;outsidePagination&quot;:&quot;no&quot;,&quot;unique&quot;:984,&quot;partialValue&quot;:0,&quot;disablePartialValue&quot;:&quot;&quot;,&quot;parallax&quot;:&quot;no&quot;}\">\n\t<div class=\"swiper-wrapper\">\n\t\t<div class=\"qodef-e swiper-slide\">\n\t<div class=\"qodef-e-inner\">\n\t\t<div class=\"qodef-e-inner-holder\">\n\t\t\t\t\t\t\t<a class=\"qodef-popup-item\" itemprop=\"image\" href=\"https:\/\/janetgrau.de\/wp-content\/uploads\/2023\/10\/mattering-instinct-00.webp\" data-type=\"image\" data-fslightbox=\"gallery-984\" data-e-disable-page-transition=\"\u201dtrue\u201d\">\n\t\t\t\t\t\t\t<img fetchpriority=\"high\" decoding=\"async\" width=\"1920\" height=\"1280\" src=\"https:\/\/janetgrau.de\/wp-content\/uploads\/2023\/10\/mattering-instinct-00.webp\" class=\"attachment-full size-full\" alt=\"The Mattering Instinct\" srcset=\"https:\/\/janetgrau.de\/wp-content\/uploads\/2023\/10\/mattering-instinct-00.webp 1920w, https:\/\/janetgrau.de\/wp-content\/uploads\/2023\/10\/mattering-instinct-00-300x200.webp 300w, https:\/\/janetgrau.de\/wp-content\/uploads\/2023\/10\/mattering-instinct-00-1024x683.webp 1024w, https:\/\/janetgrau.de\/wp-content\/uploads\/2023\/10\/mattering-instinct-00-768x512.webp 768w, https:\/\/janetgrau.de\/wp-content\/uploads\/2023\/10\/mattering-instinct-00-1536x1024.webp 1536w\" sizes=\"(max-width: 1920px) 100vw, 1920px\" \/>\t\t\t\t\t\t\t<\/a>\n\t\t\t\t\t<\/div>\n\t<\/div>\n\t<\/div>\n<div class=\"qodef-e swiper-slide\">\n\t<div class=\"qodef-e-inner\">\n\t\t<div class=\"qodef-e-inner-holder\">\n\t\t\t\t\t\t\t<a class=\"qodef-popup-item\" itemprop=\"image\" href=\"https:\/\/janetgrau.de\/wp-content\/uploads\/2023\/10\/learning-machines-16.webp\" data-type=\"image\" data-fslightbox=\"gallery-984\" data-e-disable-page-transition=\"\u201dtrue\u201d\">\n\t\t\t\t\t\t\t<img decoding=\"async\" width=\"960\" height=\"1280\" src=\"https:\/\/janetgrau.de\/wp-content\/uploads\/2023\/10\/learning-machines-16.webp\" class=\"attachment-full size-full\" alt=\"Learning Machines\" srcset=\"https:\/\/janetgrau.de\/wp-content\/uploads\/2023\/10\/learning-machines-16.webp 960w, https:\/\/janetgrau.de\/wp-content\/uploads\/2023\/10\/learning-machines-16-225x300.webp 225w, https:\/\/janetgrau.de\/wp-content\/uploads\/2023\/10\/learning-machines-16-768x1024.webp 768w, https:\/\/janetgrau.de\/wp-content\/uploads\/2023\/10\/learning-machines-16-9x12.webp 9w\" sizes=\"(max-width: 960px) 100vw, 960px\" \/>\t\t\t\t\t\t\t<\/a>\n\t\t\t\t\t<\/div>\n\t<\/div>\n\t<\/div>\n<div class=\"qodef-e swiper-slide\">\n\t<div class=\"qodef-e-inner\">\n\t\t<div class=\"qodef-e-inner-holder\">\n\t\t\t\t\t\t\t<a class=\"qodef-popup-item\" itemprop=\"image\" href=\"https:\/\/janetgrau.de\/wp-content\/uploads\/2025\/11\/hallo-zukunft-duo.png\" data-type=\"image\" data-fslightbox=\"gallery-984\" data-e-disable-page-transition=\"\u201dtrue\u201d\">\n\t\t\t\t\t\t\t<img decoding=\"async\" width=\"1920\" height=\"1280\" src=\"https:\/\/janetgrau.de\/wp-content\/uploads\/2025\/11\/hallo-zukunft-duo.png\" class=\"attachment-full size-full\" alt=\"Hallo Zukunft!\" srcset=\"https:\/\/janetgrau.de\/wp-content\/uploads\/2025\/11\/hallo-zukunft-duo.png 1920w, https:\/\/janetgrau.de\/wp-content\/uploads\/2025\/11\/hallo-zukunft-duo-300x200.png 300w, https:\/\/janetgrau.de\/wp-content\/uploads\/2025\/11\/hallo-zukunft-duo-1024x683.png 1024w, https:\/\/janetgrau.de\/wp-content\/uploads\/2025\/11\/hallo-zukunft-duo-768x512.png 768w, https:\/\/janetgrau.de\/wp-content\/uploads\/2025\/11\/hallo-zukunft-duo-1536x1024.png 1536w, https:\/\/janetgrau.de\/wp-content\/uploads\/2025\/11\/hallo-zukunft-duo-18x12.png 18w\" sizes=\"(max-width: 1920px) 100vw, 1920px\" \/>\t\t\t\t\t\t\t<\/a>\n\t\t\t\t\t<\/div>\n\t<\/div>\n\t<\/div>\n<div class=\"qodef-e swiper-slide\">\n\t<div class=\"qodef-e-inner\">\n\t\t<div class=\"qodef-e-inner-holder\">\n\t\t\t\t\t\t\t<a class=\"qodef-popup-item\" itemprop=\"image\" href=\"https:\/\/janetgrau.de\/wp-content\/uploads\/2023\/03\/not-the-end-00.png\" data-type=\"image\" data-fslightbox=\"gallery-984\" data-e-disable-page-transition=\"\u201dtrue\u201d\">\n\t\t\t\t\t\t\t<img loading=\"lazy\" decoding=\"async\" width=\"1920\" height=\"1280\" src=\"https:\/\/janetgrau.de\/wp-content\/uploads\/2023\/03\/not-the-end-00.png\" class=\"attachment-full size-full\" alt=\"Not the End of the World\" srcset=\"https:\/\/janetgrau.de\/wp-content\/uploads\/2023\/03\/not-the-end-00.png 1920w, https:\/\/janetgrau.de\/wp-content\/uploads\/2023\/03\/not-the-end-00-300x200.png 300w, https:\/\/janetgrau.de\/wp-content\/uploads\/2023\/03\/not-the-end-00-1024x683.png 1024w, https:\/\/janetgrau.de\/wp-content\/uploads\/2023\/03\/not-the-end-00-768x512.png 768w, https:\/\/janetgrau.de\/wp-content\/uploads\/2023\/03\/not-the-end-00-1536x1024.png 1536w, https:\/\/janetgrau.de\/wp-content\/uploads\/2023\/03\/not-the-end-00-18x12.png 18w\" sizes=\"(max-width: 1920px) 100vw, 1920px\" \/>\t\t\t\t\t\t\t<\/a>\n\t\t\t\t\t<\/div>\n\t<\/div>\n\t<\/div>\n\t<\/div>\n\t\t<div class=\"swiper-button-prev\"><svg class=\"qodef-swiper-arrow-left\" xmlns=\"http:\/\/www.w3.org\/2000\/svg\" x=\"0px\" y=\"0px\" viewbox=\"0 0 34.2 32.3\" xml:space=\"preserve\" style=\"stroke-width: 2;\"><line x1=\"0.5\" y1=\"16\" x2=\"33.5\" y2=\"16\"\/><line x1=\"0.3\" y1=\"16.5\" x2=\"16.2\" y2=\"0.7\"\/><line x1=\"0\" y1=\"15.4\" x2=\"16.2\" y2=\"31.6\"\/><\/svg><\/div>\n\t<div class=\"swiper-button-next\"><svg class=\"qodef-swiper-arrow-right\" xmlns=\"http:\/\/www.w3.org\/2000\/svg\" x=\"0px\" y=\"0px\" viewbox=\"0 0 34.2 32.3\" xml:space=\"preserve\" style=\"stroke-width: 2;\"><line x1=\"0\" y1=\"16\" x2=\"33\" y2=\"16\"\/><line x1=\"17.3\" y1=\"0.7\" x2=\"33.2\" y2=\"16.5\"\/><line x1=\"17.3\" y1=\"31.6\" x2=\"33.5\" y2=\"15.4\"\/><\/svg><\/div>\n\t<div class=\"swiper-pagination\"><\/div>\n<\/div>\n\t\t\t\t<\/div>\n\t\t\t\t<\/div>\n\t\t\t\t\t<\/div>\n\t\t<\/div>\n\t\t\t\t<div class=\"elementor-column elementor-col-66 elementor-top-column elementor-element elementor-element-c834a87\" data-id=\"c834a87\" data-element_type=\"column\" data-e-type=\"column\">\n\t\t\t<div class=\"elementor-widget-wrap elementor-element-populated\">\n\t\t\t\t\t\t<div class=\"elementor-element elementor-element-d328645 elementor-widget elementor-widget-heading\" data-id=\"d328645\" data-element_type=\"widget\" data-e-type=\"widget\" data-widget_type=\"heading.default\">\n\t\t\t\t<div class=\"elementor-widget-container\">\n\t\t\t\t\t<h2 class=\"elementor-heading-title elementor-size-default\">The Studio for Curious Matters \u2013 Art &amp; Science Communication<\/h2>\t\t\t\t<\/div>\n\t\t\t\t<\/div>\n\t\t\t\t<div class=\"elementor-element elementor-element-83ef6f8 elementor-widget elementor-widget-text-editor\" data-id=\"83ef6f8\" data-element_type=\"widget\" data-e-type=\"widget\" data-widget_type=\"text-editor.default\">\n\t\t\t\t<div class=\"elementor-widget-container\">\n\t\t\t\t\t\t\t\t\t<p>Das <strong>Studio for Curious Matters<\/strong> ist der Teil meiner k\u00fcnstlerischen Praxis, der komplexe wissenschaftliche und soziale Fragen in zug\u00e4ngliche, emotional bewegende Erfahrungen \u00fcbersetzt. Es ist ein space, in dem Ideen aus allen Bereichen \u2013 Philosophie, Psychologie, Klimawissenschaft, Wissenschaftsgeschichte und Alltag \u2013 in gemeinsame Geschichten verwandelt werden.<\/p><p>Mit Performance, Lecture-Performance, Installation, Video und partizipativen Formaten schaffe ich R\u00e4ume, in denen Daten, Theorie und Alltagserfahrung aufeinandertreffen k\u00f6nnen.<\/p><p>Seit 2022 entwickle ich Projekte, die sich auf Forschungen aus den Bereichen Neurowissenschaften, Klimawissenschaft, Sozialpsychologie und Wissenschaftsgeschichte st\u00fctzen, um zu untersuchen, wie wir die Welt und unsere Rolle in ihr verstehen. Diese Arbeiten nehmen oft die Form von inszenierten Vortragsperformances, gef\u00fchrten Begegnungen mit Objekten und Bildern sowie interaktiven Situationen an, die das Publikum dazu einladen, gemeinsam zu denken, zu f\u00fchlen und zu reagieren.<\/p><p>Ein zentraler Schwerpunkt des Studios ist die Zusammenarbeit mit jungen Menschen und einem vielf\u00e4ltigen Publikum. In Workshops und Co-Creation-Prozessen gestalten die Teilnehmer Texte, Bilder, Performances und visuelle Metaphern zu Themen wie Klimangst, Zukunft des Planeten und dem Wunsch, etwas zu bewegen. Durch die Kombination von klarer Kommunikation, Humor und k\u00fcnstlerischem Experimentieren behandelt das Studio Wissenschaftskommunikation als gemeinsame, fantasievolle Praxis und nicht als einseitige Informationsvermittlung.<\/p><p>Die folgenden Projekte sind Beispiele f\u00fcr meine Praxis der Kunst- und Wissenschaftskommunikation und k\u00f6nnen in Zusammenarbeit mit Partnerinstitutionen angepasst oder neu entwickelt werden. Sie sind als Live- und videobasierte Vortragsperformances, Workshop-Formate, Partizipative Projekte und Ausstellungsmodule f\u00fcr Schulen, Universit\u00e4ten, Kulturorganisationen und Forschungsinstitute verf\u00fcgbar und k\u00f6nnen in L\u00e4nge, Schwerpunkt und Beteiligungsgrad auf bestimmte Zielgruppen und Kontexte zugeschnitten werden.<\/p><ul><li><a href=\"https:\/\/janetgrau.de\/de\/the-mattering-instinct\/\">The Mattering Instinct<\/a> ist eine Vortragsperformance, die die \u201eMattering Theory\u201c der Philosophin Rebecca Newberger Goldstein durch Sprache, Objekte und Bewegung inszeniert. Als Philosophin auf der B\u00fchne, zusammen mit zwei Darstellern, \u00fcbersetze ich abstrakte Ideen \u00fcber unser menschliches Streben nach Bedeutung in greifbare, humorvolle und visuell ansprechende Szenen, die philosophische Konzepte einem breiteren Publikum zug\u00e4nglich machen.<br \/><br \/><\/li><li><a href=\"https:\/\/janetgrau.de\/de\/learning-machines\/\">Learning Machines (Everything We\u2019ll Ever Think is Potentially There from the Start)<\/a> ist eine Vortragsperformance, die sich auf Philosophie, Kognitionswissenschaft und Entwicklungspsychologie st\u00fctzt, um zu untersuchen, wie Wissen, Vorstellungskraft und Spiel miteinander verflochten sind. Live-Vortr\u00e4ge und Videoszenen mit Kindern \u2013 basierend auf klassischen Experimenten des Psychologen Albert Bandura \u2013 laufen parallel und zeigen, wie Rollenspiele zu einem kulturellen Labor f\u00fcr neue Realit\u00e4ten und neue Formen des Lernens werden k\u00f6nnen.<br \/><br \/><\/li><li><a href=\"https:\/\/janetgrau.de\/de\/hallo-zukunft\/\">Hallo Zukunft! Das Zeitalter der K\u00fcnstlichen Intelligenz<\/a> ist eine Auftragsarbeit in Form einer Lecture-Performance und eines partizipativen Formats, das gemeinsam mit Wissenschaftlern der Leibniz-Gemeinschaft entwickelt wurde. Durch die Kombination von Lecture-Performance, visuellem Storytelling und interaktiven Elementen vermittelt es auf ansprechende, bildreiche Weise die Geschichte der k\u00fcnstlichen Intelligenz und aktuelle Forschungsergebnisse dar\u00fcber, wie KI unsere Welt ver\u00e4ndert. Das Werk l\u00e4dt das Publikum dazu ein, sich nicht nur kognitiv, sondern auch emotional mit wissenschaftlichen Erkenntnissen auseinanderzusetzen, indem es Bilder, Metaphern und performative Situationen nutzt, um eine Diskussion \u00fcber m\u00f6gliche Zukunftsszenarien anzuregen.<br \/><br \/><\/li><li><a href=\"https:\/\/janetgrau.de\/de\/not-the-end-of-the-world\/\">Not the End of the World<\/a> ist ein sich weiterentwickelndes Performance- und Medienprojekt, das sich mit Klimangst, Nachhaltigkeit, der Gesundheit unseres Planeten und den Gefahren katastrophaler Botschaften befasst. Durch eine Mischung aus Vortragsperformance, Datenvisualisierung, Video, Stop-Motion-Animation und partizipativen Elementen \u2013 die oft gemeinsam mit jungen Menschen entwickelt werden \u2013 untersucht das Projekt, wie Geschichten \u00fcber Krisen und das Ende der Welt unsere Emotionen, unser Handlungsbewusstsein und unsere F\u00e4higkeit, uns verschiedene Zukunftsszenarien vorzustellen, beeinflussen.<\/li><\/ul><p>\u00a0<\/p><p>Das <strong>Studio for Curious Matters<\/strong> bietet ma\u00dfgeschneiderte Formate f\u00fcr Institutionen und Partner, die wissenschaftliche und gesellschaftliche Themen auf neue Weise erschlie\u00dfen m\u00f6chten \u2013 von Vortragsperformances und Ausstellungen bis hin zu Workshops und l\u00e4ngerfristigen partizipativen Prozessen.<\/p>\t\t\t\t\t\t\t\t<\/div>\n\t\t\t\t<\/div>\n\t\t\t\t\t<\/div>\n\t\t<\/div>\n\t\t\t\t\t<\/div>\n\t\t<\/section>\n\t\t\t\t<\/div>","protected":false},"excerpt":{"rendered":"<p>The Studio for Curious Matters \u2013 Art &amp; Science Communication The Studio for Curious Matters is the strand of my artistic practice that translates complex scientific and social questions into accessible, emotionally resonant experiences. It is a space where ideas from anywhere \u2013 philosophy, psychology, climate science, science history and everyday life \u2013 are turned [&hellip;]<\/p>\n","protected":false},"author":1,"featured_media":3898,"parent":0,"menu_order":0,"comment_status":"closed","ping_status":"closed","template":"","meta":{"footnotes":""},"class_list":["post-17492","page","type-page","status-publish","has-post-thumbnail","hentry"],"yoast_head":"<!-- This site is optimized with the Yoast SEO plugin v27.1.1 - https:\/\/yoast.com\/product\/yoast-seo-wordpress\/ -->\n<title>Studio for Curious Matters \u2013 Art &amp; Science Communication &#8211; janet grau<\/title>\n<meta name=\"description\" content=\"This is a website for the US-American conceptual and performance artist Janet Grau, who now lives in Germany.\" \/>\n<meta name=\"robots\" content=\"index, follow, max-snippet:-1, max-image-preview:large, max-video-preview:-1\" \/>\n<link rel=\"canonical\" href=\"https:\/\/janetgrau.de\/de\/studio-curious\/\" \/>\n<meta property=\"og:locale\" content=\"de_DE\" \/>\n<meta property=\"og:type\" content=\"article\" \/>\n<meta property=\"og:title\" content=\"Studio for Curious Matters \u2013 Art &amp; Science Communication &#8211; janet grau\" \/>\n<meta property=\"og:description\" content=\"This is a website for the US-American conceptual and performance artist Janet Grau, who now lives in Germany.\" \/>\n<meta property=\"og:url\" content=\"https:\/\/janetgrau.de\/de\/studio-curious\/\" \/>\n<meta property=\"og:site_name\" content=\"janet grau\" \/>\n<meta property=\"article:modified_time\" content=\"2026-03-06T12:55:51+00:00\" \/>\n<meta property=\"og:image\" content=\"https:\/\/janetgrau.de\/wp-content\/uploads\/2024\/02\/portrait-jg-pflege.webp\" \/>\n\t<meta property=\"og:image:width\" content=\"636\" \/>\n\t<meta property=\"og:image:height\" content=\"636\" \/>\n\t<meta property=\"og:image:type\" content=\"image\/webp\" \/>\n<meta name=\"twitter:card\" content=\"summary_large_image\" \/>\n<meta name=\"twitter:label1\" content=\"Gesch\u00e4tzte Lesezeit\" \/>\n\t<meta name=\"twitter:data1\" content=\"5\u00a0Minuten\" \/>\n<script type=\"application\/ld+json\" class=\"yoast-schema-graph\">{\"@context\":\"https:\/\/schema.org\",\"@graph\":[{\"@type\":\"WebPage\",\"@id\":\"https:\/\/janetgrau.de\/studio-curious\/\",\"url\":\"https:\/\/janetgrau.de\/studio-curious\/\",\"name\":\"Studio for Curious Matters \u2013 Art & Science Communication &#8211; janet grau\",\"isPartOf\":{\"@id\":\"https:\/\/janetgrau.de\/#website\"},\"primaryImageOfPage\":{\"@id\":\"https:\/\/janetgrau.de\/studio-curious\/#primaryimage\"},\"image\":{\"@id\":\"https:\/\/janetgrau.de\/studio-curious\/#primaryimage\"},\"thumbnailUrl\":\"https:\/\/janetgrau.de\/wp-content\/uploads\/2024\/02\/portrait-jg-pflege.webp\",\"datePublished\":\"2026-03-06T10:24:20+00:00\",\"dateModified\":\"2026-03-06T12:55:51+00:00\",\"description\":\"This is a website for the US-American conceptual and performance artist Janet Grau, who now lives in Germany.\",\"breadcrumb\":{\"@id\":\"https:\/\/janetgrau.de\/studio-curious\/#breadcrumb\"},\"inLanguage\":\"de\",\"potentialAction\":[{\"@type\":\"ReadAction\",\"target\":[\"https:\/\/janetgrau.de\/studio-curious\/\"]}]},{\"@type\":\"ImageObject\",\"inLanguage\":\"de\",\"@id\":\"https:\/\/janetgrau.de\/studio-curious\/#primaryimage\",\"url\":\"https:\/\/janetgrau.de\/wp-content\/uploads\/2024\/02\/portrait-jg-pflege.webp\",\"contentUrl\":\"https:\/\/janetgrau.de\/wp-content\/uploads\/2024\/02\/portrait-jg-pflege.webp\",\"width\":636,\"height\":636,\"caption\":\"@ Pflege: Zwischen Zwangshandlung und kultureller Heldentat\"},{\"@type\":\"BreadcrumbList\",\"@id\":\"https:\/\/janetgrau.de\/studio-curious\/#breadcrumb\",\"itemListElement\":[{\"@type\":\"ListItem\",\"position\":1,\"name\":\"Home\",\"item\":\"https:\/\/janetgrau.de\/\"},{\"@type\":\"ListItem\",\"position\":2,\"name\":\"Studio for Curious Matters \u2013 Art &#038; Science Communication\"}]},{\"@type\":\"WebSite\",\"@id\":\"https:\/\/janetgrau.de\/#website\",\"url\":\"https:\/\/janetgrau.de\/\",\"name\":\"janet grau\",\"description\":\"Website for the US-American conceptual and performance artist Janet Grau.\",\"publisher\":{\"@id\":\"https:\/\/janetgrau.de\/#organization\"},\"alternateName\":\"janet grau artist\",\"potentialAction\":[{\"@type\":\"SearchAction\",\"target\":{\"@type\":\"EntryPoint\",\"urlTemplate\":\"https:\/\/janetgrau.de\/?s={search_term_string}\"},\"query-input\":{\"@type\":\"PropertyValueSpecification\",\"valueRequired\":true,\"valueName\":\"search_term_string\"}}],\"inLanguage\":\"de\"},{\"@type\":\"Organization\",\"@id\":\"https:\/\/janetgrau.de\/#organization\",\"name\":\"janet grau\",\"alternateName\":\"artist\",\"url\":\"https:\/\/janetgrau.de\/\",\"logo\":{\"@type\":\"ImageObject\",\"inLanguage\":\"de\",\"@id\":\"https:\/\/janetgrau.de\/#\/schema\/logo\/image\/\",\"url\":\"https:\/\/janetgrau.de\/wp-content\/uploads\/2024\/05\/Ill-fly-away-20.webp\",\"contentUrl\":\"https:\/\/janetgrau.de\/wp-content\/uploads\/2024\/05\/Ill-fly-away-20.webp\",\"width\":960,\"height\":1280,\"caption\":\"janet grau\"},\"image\":{\"@id\":\"https:\/\/janetgrau.de\/#\/schema\/logo\/image\/\"},\"sameAs\":[\"https:\/\/www.instagram.com\/janetgrau_artist\/\",\"https:\/\/www.linkedin.com\/in\/janetgrau\"]}]}<\/script>\n<!-- \/ Yoast SEO plugin. -->","yoast_head_json":{"title":"Studio for Curious Matters \u2013 Art & Science Communication &#8211; janet grau","description":"This is a website for the US-American conceptual and performance artist Janet Grau, who now lives in Germany.","robots":{"index":"index","follow":"follow","max-snippet":"max-snippet:-1","max-image-preview":"max-image-preview:large","max-video-preview":"max-video-preview:-1"},"canonical":"https:\/\/janetgrau.de\/de\/studio-curious\/","og_locale":"de_DE","og_type":"article","og_title":"Studio for Curious Matters \u2013 Art & Science Communication &#8211; janet grau","og_description":"This is a website for the US-American conceptual and performance artist Janet Grau, who now lives in Germany.","og_url":"https:\/\/janetgrau.de\/de\/studio-curious\/","og_site_name":"janet grau","article_modified_time":"2026-03-06T12:55:51+00:00","og_image":[{"width":636,"height":636,"url":"https:\/\/janetgrau.de\/wp-content\/uploads\/2024\/02\/portrait-jg-pflege.webp","type":"image\/webp"}],"twitter_card":"summary_large_image","twitter_misc":{"Gesch\u00e4tzte Lesezeit":"5\u00a0Minuten"},"schema":{"@context":"https:\/\/schema.org","@graph":[{"@type":"WebPage","@id":"https:\/\/janetgrau.de\/studio-curious\/","url":"https:\/\/janetgrau.de\/studio-curious\/","name":"Studio for Curious Matters \u2013 Art & Science Communication &#8211; janet grau","isPartOf":{"@id":"https:\/\/janetgrau.de\/#website"},"primaryImageOfPage":{"@id":"https:\/\/janetgrau.de\/studio-curious\/#primaryimage"},"image":{"@id":"https:\/\/janetgrau.de\/studio-curious\/#primaryimage"},"thumbnailUrl":"https:\/\/janetgrau.de\/wp-content\/uploads\/2024\/02\/portrait-jg-pflege.webp","datePublished":"2026-03-06T10:24:20+00:00","dateModified":"2026-03-06T12:55:51+00:00","description":"This is a website for the US-American conceptual and performance artist Janet Grau, who now lives in Germany.","breadcrumb":{"@id":"https:\/\/janetgrau.de\/studio-curious\/#breadcrumb"},"inLanguage":"de","potentialAction":[{"@type":"ReadAction","target":["https:\/\/janetgrau.de\/studio-curious\/"]}]},{"@type":"ImageObject","inLanguage":"de","@id":"https:\/\/janetgrau.de\/studio-curious\/#primaryimage","url":"https:\/\/janetgrau.de\/wp-content\/uploads\/2024\/02\/portrait-jg-pflege.webp","contentUrl":"https:\/\/janetgrau.de\/wp-content\/uploads\/2024\/02\/portrait-jg-pflege.webp","width":636,"height":636,"caption":"@ Pflege: Zwischen Zwangshandlung und kultureller Heldentat"},{"@type":"BreadcrumbList","@id":"https:\/\/janetgrau.de\/studio-curious\/#breadcrumb","itemListElement":[{"@type":"ListItem","position":1,"name":"Home","item":"https:\/\/janetgrau.de\/"},{"@type":"ListItem","position":2,"name":"Studio for Curious Matters \u2013 Art &#038; Science Communication"}]},{"@type":"WebSite","@id":"https:\/\/janetgrau.de\/#website","url":"https:\/\/janetgrau.de\/","name":"janet grau","description":"Website for the US-American conceptual and performance artist Janet Grau.","publisher":{"@id":"https:\/\/janetgrau.de\/#organization"},"alternateName":"janet grau artist","potentialAction":[{"@type":"SearchAction","target":{"@type":"EntryPoint","urlTemplate":"https:\/\/janetgrau.de\/?s={search_term_string}"},"query-input":{"@type":"PropertyValueSpecification","valueRequired":true,"valueName":"search_term_string"}}],"inLanguage":"de"},{"@type":"Organization","@id":"https:\/\/janetgrau.de\/#organization","name":"janet grau","alternateName":"artist","url":"https:\/\/janetgrau.de\/","logo":{"@type":"ImageObject","inLanguage":"de","@id":"https:\/\/janetgrau.de\/#\/schema\/logo\/image\/","url":"https:\/\/janetgrau.de\/wp-content\/uploads\/2024\/05\/Ill-fly-away-20.webp","contentUrl":"https:\/\/janetgrau.de\/wp-content\/uploads\/2024\/05\/Ill-fly-away-20.webp","width":960,"height":1280,"caption":"janet grau"},"image":{"@id":"https:\/\/janetgrau.de\/#\/schema\/logo\/image\/"},"sameAs":["https:\/\/www.instagram.com\/janetgrau_artist\/","https:\/\/www.linkedin.com\/in\/janetgrau"]}]}},"_links":{"self":[{"href":"https:\/\/janetgrau.de\/de\/wp-json\/wp\/v2\/pages\/17492","targetHints":{"allow":["GET"]}}],"collection":[{"href":"https:\/\/janetgrau.de\/de\/wp-json\/wp\/v2\/pages"}],"about":[{"href":"https:\/\/janetgrau.de\/de\/wp-json\/wp\/v2\/types\/page"}],"author":[{"embeddable":true,"href":"https:\/\/janetgrau.de\/de\/wp-json\/wp\/v2\/users\/1"}],"replies":[{"embeddable":true,"href":"https:\/\/janetgrau.de\/de\/wp-json\/wp\/v2\/comments?post=17492"}],"version-history":[{"count":13,"href":"https:\/\/janetgrau.de\/de\/wp-json\/wp\/v2\/pages\/17492\/revisions"}],"predecessor-version":[{"id":17512,"href":"https:\/\/janetgrau.de\/de\/wp-json\/wp\/v2\/pages\/17492\/revisions\/17512"}],"wp:featuredmedia":[{"embeddable":true,"href":"https:\/\/janetgrau.de\/de\/wp-json\/wp\/v2\/media\/3898"}],"wp:attachment":[{"href":"https:\/\/janetgrau.de\/de\/wp-json\/wp\/v2\/media?parent=17492"}],"curies":[{"name":"wp","href":"https:\/\/api.w.org\/{rel}","templated":true}]}}